{"id":19785,"date":"2021-11-12T16:22:19","date_gmt":"2021-11-12T15:22:19","guid":{"rendered":"https:\/\/bosbarcelona.com\/technology\/"},"modified":"2023-11-28T14:06:51","modified_gmt":"2023-11-28T13:06:51","slug":"soluciones-tecnologicas-para-oficina","status":"publish","type":"page","link":"https:\/\/bosbarcelona.com\/es\/soluciones-tecnologicas-para-oficina\/","title":{"rendered":"Soluciones tecnol\u00f3gicas para oficina"},"content":{"rendered":"","protected":false},"excerpt":{"rendered":"","protected":false},"author":1,"featured_media":0,"parent":0,"menu_order":0,"comment_status":"closed","ping_status":"closed","template":"flexible.php","meta":{"_acf_changed":false,"inline_featured_image":false,"footnotes":""},"class_list":["post-19785","page","type-page","status-publish","hentry"],"acf":[],"yoast_head":"<!-- This site is optimized with the Yoast SEO plugin v27.5 - https:\/\/yoast.com\/product\/yoast-seo-wordpress\/ -->\n<title>Soluciones tecnol\u00f3gicas para oficina - BOS Barcelona<\/title>\n<meta name=\"description\" content=\"Soluciones tecnol\u00f3gicas innovadoras para oficina para lograr la flexibilidad, autonom\u00eda y la movilidad, adaptadas a las necesidades de tu proyecto.\" \/>\n<meta name=\"robots\" content=\"index, follow, max-snippet:-1, max-image-preview:large, max-video-preview:-1\" \/>\n<link rel=\"canonical\" href=\"https:\/\/bosbarcelona.com\/es\/soluciones-tecnologicas-para-oficina\/\" \/>\n<meta property=\"og:locale\" content=\"es_ES\" \/>\n<meta property=\"og:type\" content=\"article\" \/>\n<meta property=\"og:title\" content=\"Soluciones tecnol\u00f3gicas para oficina - BOS Barcelona\" \/>\n<meta property=\"og:description\" content=\"Soluciones tecnol\u00f3gicas innovadoras para oficina para lograr la flexibilidad, autonom\u00eda y la movilidad, adaptadas a las necesidades de tu proyecto.\" \/>\n<meta property=\"og:url\" content=\"https:\/\/bosbarcelona.com\/es\/soluciones-tecnologicas-para-oficina\/\" \/>\n<meta property=\"og:site_name\" content=\"BOS Barcelona\" \/>\n<meta property=\"article:modified_time\" content=\"2023-11-28T13:06:51+00:00\" \/>\n<meta name=\"twitter:card\" content=\"summary_large_image\" \/>\n<script type=\"application\/ld+json\" class=\"yoast-schema-graph\">{\"@context\":\"https:\\\/\\\/schema.org\",\"@graph\":[{\"@type\":\"WebPage\",\"@id\":\"https:\\\/\\\/bosbarcelona.com\\\/es\\\/soluciones-tecnologicas-para-oficina\\\/\",\"url\":\"https:\\\/\\\/bosbarcelona.com\\\/es\\\/soluciones-tecnologicas-para-oficina\\\/\",\"name\":\"Soluciones tecnol\u00f3gicas para oficina - BOS Barcelona\",\"isPartOf\":{\"@id\":\"https:\\\/\\\/bosbarcelona.com\\\/es\\\/#website\"},\"datePublished\":\"2021-11-12T15:22:19+00:00\",\"dateModified\":\"2023-11-28T13:06:51+00:00\",\"description\":\"Soluciones tecnol\u00f3gicas innovadoras para oficina para lograr la flexibilidad, autonom\u00eda y la movilidad, adaptadas a las necesidades de tu proyecto.\",\"breadcrumb\":{\"@id\":\"https:\\\/\\\/bosbarcelona.com\\\/es\\\/soluciones-tecnologicas-para-oficina\\\/#breadcrumb\"},\"inLanguage\":\"es\",\"potentialAction\":[{\"@type\":\"ReadAction\",\"target\":[\"https:\\\/\\\/bosbarcelona.com\\\/es\\\/soluciones-tecnologicas-para-oficina\\\/\"]}]},{\"@type\":\"BreadcrumbList\",\"@id\":\"https:\\\/\\\/bosbarcelona.com\\\/es\\\/soluciones-tecnologicas-para-oficina\\\/#breadcrumb\",\"itemListElement\":[{\"@type\":\"ListItem\",\"position\":1,\"name\":\"Home\",\"item\":\"https:\\\/\\\/bosbarcelona.com\\\/es\\\/\"},{\"@type\":\"ListItem\",\"position\":2,\"name\":\"Soluciones tecnol\u00f3gicas para oficina\"}]},{\"@type\":\"WebSite\",\"@id\":\"https:\\\/\\\/bosbarcelona.com\\\/es\\\/#website\",\"url\":\"https:\\\/\\\/bosbarcelona.com\\\/es\\\/\",\"name\":\"BOS Barcelona\",\"description\":\"\",\"potentialAction\":[{\"@type\":\"SearchAction\",\"target\":{\"@type\":\"EntryPoint\",\"urlTemplate\":\"https:\\\/\\\/bosbarcelona.com\\\/es\\\/?s={search_term_string}\"},\"query-input\":{\"@type\":\"PropertyValueSpecification\",\"valueRequired\":true,\"valueName\":\"search_term_string\"}}],\"inLanguage\":\"es\"}]}<\/script>\n<!-- \/ Yoast SEO plugin. -->","yoast_head_json":{"title":"Soluciones tecnol\u00f3gicas para oficina - BOS Barcelona","description":"Soluciones tecnol\u00f3gicas innovadoras para oficina para lograr la flexibilidad, autonom\u00eda y la movilidad, adaptadas a las necesidades de tu proyecto.","robots":{"index":"index","follow":"follow","max-snippet":"max-snippet:-1","max-image-preview":"max-image-preview:large","max-video-preview":"max-video-preview:-1"},"canonical":"https:\/\/bosbarcelona.com\/es\/soluciones-tecnologicas-para-oficina\/","og_locale":"es_ES","og_type":"article","og_title":"Soluciones tecnol\u00f3gicas para oficina - BOS Barcelona","og_description":"Soluciones tecnol\u00f3gicas innovadoras para oficina para lograr la flexibilidad, autonom\u00eda y la movilidad, adaptadas a las necesidades de tu proyecto.","og_url":"https:\/\/bosbarcelona.com\/es\/soluciones-tecnologicas-para-oficina\/","og_site_name":"BOS Barcelona","article_modified_time":"2023-11-28T13:06:51+00:00","twitter_card":"summary_large_image","schema":{"@context":"https:\/\/schema.org","@graph":[{"@type":"WebPage","@id":"https:\/\/bosbarcelona.com\/es\/soluciones-tecnologicas-para-oficina\/","url":"https:\/\/bosbarcelona.com\/es\/soluciones-tecnologicas-para-oficina\/","name":"Soluciones tecnol\u00f3gicas para oficina - BOS Barcelona","isPartOf":{"@id":"https:\/\/bosbarcelona.com\/es\/#website"},"datePublished":"2021-11-12T15:22:19+00:00","dateModified":"2023-11-28T13:06:51+00:00","description":"Soluciones tecnol\u00f3gicas innovadoras para oficina para lograr la flexibilidad, autonom\u00eda y la movilidad, adaptadas a las necesidades de tu proyecto.","breadcrumb":{"@id":"https:\/\/bosbarcelona.com\/es\/soluciones-tecnologicas-para-oficina\/#breadcrumb"},"inLanguage":"es","potentialAction":[{"@type":"ReadAction","target":["https:\/\/bosbarcelona.com\/es\/soluciones-tecnologicas-para-oficina\/"]}]},{"@type":"BreadcrumbList","@id":"https:\/\/bosbarcelona.com\/es\/soluciones-tecnologicas-para-oficina\/#breadcrumb","itemListElement":[{"@type":"ListItem","position":1,"name":"Home","item":"https:\/\/bosbarcelona.com\/es\/"},{"@type":"ListItem","position":2,"name":"Soluciones tecnol\u00f3gicas para oficina"}]},{"@type":"WebSite","@id":"https:\/\/bosbarcelona.com\/es\/#website","url":"https:\/\/bosbarcelona.com\/es\/","name":"BOS Barcelona","description":"","potentialAction":[{"@type":"SearchAction","target":{"@type":"EntryPoint","urlTemplate":"https:\/\/bosbarcelona.com\/es\/?s={search_term_string}"},"query-input":{"@type":"PropertyValueSpecification","valueRequired":true,"valueName":"search_term_string"}}],"inLanguage":"es"}]}},"_links":{"self":[{"href":"https:\/\/bosbarcelona.com\/es\/wp-json\/wp\/v2\/pages\/19785","targetHints":{"allow":["GET"]}}],"collection":[{"href":"https:\/\/bosbarcelona.com\/es\/wp-json\/wp\/v2\/pages"}],"about":[{"href":"https:\/\/bosbarcelona.com\/es\/wp-json\/wp\/v2\/types\/page"}],"author":[{"embeddable":true,"href":"https:\/\/bosbarcelona.com\/es\/wp-json\/wp\/v2\/users\/1"}],"replies":[{"embeddable":true,"href":"https:\/\/bosbarcelona.com\/es\/wp-json\/wp\/v2\/comments?post=19785"}],"version-history":[{"count":1,"href":"https:\/\/bosbarcelona.com\/es\/wp-json\/wp\/v2\/pages\/19785\/revisions"}],"predecessor-version":[{"id":34452,"href":"https:\/\/bosbarcelona.com\/es\/wp-json\/wp\/v2\/pages\/19785\/revisions\/34452"}],"wp:attachment":[{"href":"https:\/\/bosbarcelona.com\/es\/wp-json\/wp\/v2\/media?parent=19785"}],"curies":[{"name":"wp","href":"https:\/\/api.w.org\/{rel}","templated":true}]}}