{"id":5527,"date":"2019-02-04T12:05:06","date_gmt":"2019-02-04T12:05:06","guid":{"rendered":"https:\/\/bosbarcelona.com\/cookies-policy\/"},"modified":"2019-02-04T12:32:53","modified_gmt":"2019-02-04T12:32:53","slug":"politica-cookies","status":"publish","type":"page","link":"https:\/\/bosbarcelona.com\/es\/politica-cookies\/","title":{"rendered":"Pol\u00edtica de cookies"},"content":{"rendered":"<p>Este sitio web, al igual que la mayor\u00eda de los sitios web en Internet, usa cookies para mejorar la experiencia del usuario. A continuaci\u00f3n encontrar\u00e1 informaci\u00f3n sobre qu\u00e9 son las cookies, qu\u00e9 tipo de cookies utiliza este portal, c\u00f3mo puede desactivar las cookies en su navegador y c\u00f3mo desactivar espec\u00edficamente la instalaci\u00f3n de cookies de terceros. Si no encuentra la informaci\u00f3n espec\u00edfica que usted est\u00e1 buscando, por favor dir\u00edjase a\u00a0<a href=\"mailto:protecciondedatos@grupogodo.com\">administracion@bosbarcelona.com<\/a><\/p>\n<p>&nbsp;<\/p>\n<h1>\u00bfQu\u00e9 son las cookies?<\/h1>\n<p>Las cookies son peque\u00f1os archivos que se env\u00edan y almacenan en el disco duro del ordenador, smartphone, tableta o televisi\u00f3n conectada del usuario a trav\u00e9s de su navegador cuando \u00e9ste se conecta a una web.<\/p>\n<p>Las cookies se pueden utilizar para recabar y almacenar datos del usuario mientras est\u00e1 conectado para facilitarle los servicios solicitados y que no se suelen conservar (cookies de sesi\u00f3n), o para conservar los datos del usuario para otro tipo de servicios futuros y que se pueden conservar por tiempo indefinido (cookies persistentes). Las cookies pueden ser propias o de terceros.<\/p>\n<p>Sus funciones pueden ser muy variadas: almacenar sus preferencias de navegaci\u00f3n, recopilar informaci\u00f3n estad\u00edstica, permitir ciertas funcionalidades t\u00e9cnicas, etc\u00e9tera. En ocasiones, las cookies se utilizan para almacenar informaci\u00f3n b\u00e1sica sobre los h\u00e1bitos de navegaci\u00f3n del usuario o de su equipo, hasta el punto, seg\u00fan los casos, de poder reconocerlo.<\/p>\n<p>&nbsp;<\/p>\n<h1>\u00bfPor qu\u00e9 son importantes?<\/h1>\n<p>Las cookies son \u00fatiles por varios motivos. Desde un punto de vista t\u00e9cnico, permiten que las p\u00e1ginas web funcionen de forma m\u00e1s \u00e1gil y adaptada a sus preferencias, como por ejemplo almacenar su idioma o la moneda de su pa\u00eds. Adem\u00e1s, pueden ayudar a los responsables de los sitios web a mejorar los servicios que ofrecen, gracias a la informaci\u00f3n estad\u00edstica que recogen a trav\u00e9s de ellas. Finalmente, tambi\u00e9n pueden servir para hacer m\u00e1s eficiente la publicidad que se muestra, gracias a la cual le podemos ofrecer servicios de forma gratuita.<\/p>\n<p>&nbsp;<\/p>\n<h1>\u00bfC\u00f3mo utilizamos las cookies?<\/h1>\n<p>Existen varios tipos de cookies:<\/p>\n<p>&nbsp;<\/p>\n<ul>\n<li><strong>Cookies t\u00e9cnicas<\/strong> que facilitan la navegaci\u00f3n del usuario y la utilizaci\u00f3n de las diferentes opciones o servicios que ofrece la web como identificar la sesi\u00f3n, permitir el acceso a determinadas \u00e1reas, facilitar pedidos, compras, cumplimentaci\u00f3n de formularios, inscripciones, seguridad, facilitar funcionalidades (v\u00eddeos, redes sociales, etc.)<\/li>\n<\/ul>\n<p>BOS1964 utiliza cookies t\u00e9cnicas en este sitio web.<\/p>\n<p>&nbsp;<\/p>\n<ul>\n<li><strong>Cookies de registro<\/strong> que se generan cuando usted se registra en un sitio web. Son cookies propias que le identifican como usuario registrado e indican cu\u00e1ndo usted se ha identificado en el portal. Estas cookies son utilizadas para identificar su cuenta de usuario y sus servicios asociados. Estas cookies se mantienen mientras usted no abandone la cuenta, cierre el navegador o apague el dispositivo. Estas cookies pueden ser utilizadas en combinaci\u00f3n con datos anal\u00edticos para identificar de manera individual sus preferencias en nuestro sitio web.<\/li>\n<\/ul>\n<p>BOS1964 no utiliza cookies de registro en este sitio web para permitir el acceso al \u00e1rea privada de usuarios<\/p>\n<p>&nbsp;<\/p>\n<ul>\n<li><strong>Cookies de personalizaci\u00f3n <\/strong>que permiten al usuario acceder a los servicios seg\u00fan sus preferencias (idioma, navegador, configuraci\u00f3n, etc.) para que no tenga que reconfigurarlos cada vez que visita nuestro sitio web.<\/li>\n<\/ul>\n<p>BOS1964 no utiliza cookies de personalizaci\u00f3n en este sitio web.<\/p>\n<p>&nbsp;<\/p>\n<ul>\n<li><strong>Cookies de an\u00e1lisis<\/strong> que permiten el an\u00e1lisis an\u00f3nimo del comportamiento de los usuarios de la web y que permiten medir la actividad del usuario y elaborar perfiles de navegaci\u00f3n con el fin objetivo de mejorar los sitios web. Bien tratadas por nosotros o por terceros, por ejemplo, permiten cuantificar el n\u00famero de visitantes y analizar estad\u00edsticamente la utilizaci\u00f3n que hacen los usuarios de nuestros servicios. Gracias a ello podemos estudiar la navegaci\u00f3n por nuestra p\u00e1gina web, y mejorar as\u00ed la presentaci\u00f3n y acceso a los contenidos que ofrecemos. Este an\u00e1lisis se realiza mediante herramientas que proporcionan terceros, de los que puede obtener m\u00e1s informaci\u00f3n sobre sus pol\u00edticas de privacidad en<\/li>\n<\/ul>\n<p>Google Analytics (<a href=\"http:\/\/www.google.com\/intl\/es\/policies\/technologies\/cookies\/)\">http:\/\/www.google.com\/intl\/es\/policies\/technologies\/cookies\/)<\/a><\/p>\n<p>BOS1964 utiliza cookies de analytics en este sitio web.<\/p>\n<p>&nbsp;<\/p>\n<ul>\n<li><strong>Cookies de geolocalizaci\u00f3n<\/strong> que son usadas por programas que intentan localizar geogr\u00e1ficamente la situaci\u00f3n del ordenador, smartphone, tableta o televisi\u00f3n conectada, para de manera totalmente an\u00f3nima ofrecerle contenidos y servicios m\u00e1s adecuados.<\/li>\n<\/ul>\n<p>BOS1964 no utiliza cookies de geolocalizaci\u00f3n en este sitio web.<\/p>\n<p>&nbsp;<\/p>\n<ul>\n<li><strong>Cookies de publicidad personalizada<\/strong> que, bien tratadas por nosotros o por terceros, permiten gestionar eficazmente los espacios publicitarios de nuestro sitio web, adecuando el contenido del anuncio al contenido del servicio solicitado al comportamiento y h\u00e1bitos de navegaci\u00f3n del usuario en nuestra p\u00e1gina web. Gracias a ellas podemos conocer su perfil de navegaci\u00f3n en internet y mostrarle publicidad personalizada.<\/li>\n<\/ul>\n<p>BOS1964 no utiliza cookies de publicidad personalizada en este sitio web.<\/p>\n<p>&nbsp;<\/p>\n<p><strong>Otras cookies de terceros<\/strong><\/p>\n<p>En algunas de nuestras p\u00e1ginas se pueden instalar cookies de terceros que permitan gestionar y mejorar los servicios que \u00e9stos ofrecen. Un ejemplo de este uso son los enlaces a las redes sociales que permiten compartir nuestros contenidos.<\/p>\n<p>BOS1964 no utiliza cookies de terceros en este sitio web.<\/p>\n<p>&nbsp;<\/p>\n<h1>\u00bfC\u00f3mo puedo configurar mis preferencias?<\/h1>\n<p>Puede permitir, bloquear o eliminar las cookies instaladas en su equipo mediante la configuraci\u00f3n de las opciones de su navegador de internet. En el caso en que las bloquee, es posible que ciertos servicios que necesitan su uso no est\u00e9n disponibles para usted.<\/p>\n<p>A continuaci\u00f3n le ofrecemos enlaces en los que encontrar\u00e1 informaci\u00f3n sobre c\u00f3mo puede activar sus preferencias en los principales navegadores:<\/p>\n<ul>\n<li><a href=\"http:\/\/support.google.com\/chrome\/bin\/answer.py?hl=es&amp;answer=95647\">Google Chrome<\/a> (http:\/\/support.google.com\/chrome\/bin\/answer.py?hl=es&amp;answer=95647)<\/li>\n<li><a href=\"http:\/\/support.mozilla.org\/es\/kb\/cookies-informacion-que-los-sitios-web-guardan-en-?redirectlocale=en-US&amp;redirectslug=Cookies\">Mozilla Firefox<\/a> (http:\/\/support.mozilla.org\/es\/kb\/cookies-informacion-que-los-sitios-web-guardan-en-?redirectlocale=en-US&amp;redirectslug=Cookies)<\/li>\n<li><a href=\"http:\/\/support.microsoft.com\/kb\/196955\/es\">Internet Explorer<\/a> (http:\/\/support.microsoft.com\/kb\/196955\/es)<\/li>\n<li><a href=\"http:\/\/www.lavanguardia.com\/cookiesSafari.html\">Safari<\/a> (https:\/\/support.apple.com\/es-mx\/guide\/safari\/sfri11471\/mac)<\/li>\n<li><a href=\"http:\/\/support.apple.com\/kb\/HT1677?viewlocale=es_ES\">Safari para IOS (iPhone, iPad)<\/a> (http:\/\/support.apple.com\/kb\/HT1677?viewlocale=es_ES)<\/li>\n<\/ul>\n<p>&nbsp;<\/p>\n<p>Si desea contactar con nosotros respecto nuestra pol\u00edtica de cookies, puede hacerlo en\u00a0<a href=\"mailto:administracion@bosbarcelona.com%20\">administracion@bosbarcelona.com <\/a><\/p>\n","protected":false},"excerpt":{"rendered":"<p>Este sitio web, al igual que la mayor\u00eda de los sitios web en Internet, usa cookies para mejorar la experiencia del usuario. A continuaci\u00f3n encontrar\u00e1 informaci\u00f3n sobre qu\u00e9 son las cookies, qu\u00e9 tipo de cookies utiliza este portal, c\u00f3mo puede desactivar las cookies en su&#8230;<\/p>\n","protected":false},"author":1,"featured_media":0,"parent":0,"menu_order":0,"comment_status":"closed","ping_status":"closed","template":"","meta":{"_acf_changed":false,"inline_featured_image":false,"footnotes":""},"class_list":["post-5527","page","type-page","status-publish","hentry"],"acf":[],"yoast_head":"<!-- This site is optimized with the Yoast SEO plugin v27.3 - https:\/\/yoast.com\/product\/yoast-seo-wordpress\/ -->\n<title>Pol\u00edtica de cookies - BOS Barcelona<\/title>\n<meta name=\"robots\" content=\"index, follow, max-snippet:-1, max-image-preview:large, max-video-preview:-1\" \/>\n<link rel=\"canonical\" href=\"https:\/\/bosbarcelona.com\/es\/politica-cookies\/\" \/>\n<meta property=\"og:locale\" content=\"es_ES\" \/>\n<meta property=\"og:type\" content=\"article\" \/>\n<meta property=\"og:title\" content=\"Pol\u00edtica de cookies - BOS Barcelona\" \/>\n<meta property=\"og:description\" content=\"Este sitio web, al igual que la mayor\u00eda de los sitios web en Internet, usa cookies para mejorar la experiencia del usuario. A continuaci\u00f3n encontrar\u00e1 informaci\u00f3n sobre qu\u00e9 son las cookies, qu\u00e9 tipo de cookies utiliza este portal, c\u00f3mo puede desactivar las cookies en su...\" \/>\n<meta property=\"og:url\" content=\"https:\/\/bosbarcelona.com\/es\/politica-cookies\/\" \/>\n<meta property=\"og:site_name\" content=\"BOS Barcelona\" \/>\n<meta property=\"article:modified_time\" content=\"2019-02-04T12:32:53+00:00\" \/>\n<meta name=\"twitter:card\" content=\"summary_large_image\" \/>\n<meta name=\"twitter:label1\" content=\"Tiempo de lectura\" \/>\n\t<meta name=\"twitter:data1\" content=\"5 minutos\" \/>\n<script type=\"application\/ld+json\" class=\"yoast-schema-graph\">{\"@context\":\"https:\\\/\\\/schema.org\",\"@graph\":[{\"@type\":\"WebPage\",\"@id\":\"https:\\\/\\\/bosbarcelona.com\\\/es\\\/politica-cookies\\\/\",\"url\":\"https:\\\/\\\/bosbarcelona.com\\\/es\\\/politica-cookies\\\/\",\"name\":\"Pol\u00edtica de cookies - BOS Barcelona\",\"isPartOf\":{\"@id\":\"https:\\\/\\\/bosbarcelona.com\\\/es\\\/#website\"},\"datePublished\":\"2019-02-04T12:05:06+00:00\",\"dateModified\":\"2019-02-04T12:32:53+00:00\",\"breadcrumb\":{\"@id\":\"https:\\\/\\\/bosbarcelona.com\\\/es\\\/politica-cookies\\\/#breadcrumb\"},\"inLanguage\":\"es\",\"potentialAction\":[{\"@type\":\"ReadAction\",\"target\":[\"https:\\\/\\\/bosbarcelona.com\\\/es\\\/politica-cookies\\\/\"]}]},{\"@type\":\"BreadcrumbList\",\"@id\":\"https:\\\/\\\/bosbarcelona.com\\\/es\\\/politica-cookies\\\/#breadcrumb\",\"itemListElement\":[{\"@type\":\"ListItem\",\"position\":1,\"name\":\"Home\",\"item\":\"https:\\\/\\\/bosbarcelona.com\\\/es\\\/\"},{\"@type\":\"ListItem\",\"position\":2,\"name\":\"Pol\u00edtica de cookies\"}]},{\"@type\":\"WebSite\",\"@id\":\"https:\\\/\\\/bosbarcelona.com\\\/es\\\/#website\",\"url\":\"https:\\\/\\\/bosbarcelona.com\\\/es\\\/\",\"name\":\"BOS Barcelona\",\"description\":\"\",\"potentialAction\":[{\"@type\":\"SearchAction\",\"target\":{\"@type\":\"EntryPoint\",\"urlTemplate\":\"https:\\\/\\\/bosbarcelona.com\\\/es\\\/?s={search_term_string}\"},\"query-input\":{\"@type\":\"PropertyValueSpecification\",\"valueRequired\":true,\"valueName\":\"search_term_string\"}}],\"inLanguage\":\"es\"}]}<\/script>\n<!-- \/ Yoast SEO plugin. -->","yoast_head_json":{"title":"Pol\u00edtica de cookies - BOS Barcelona","robots":{"index":"index","follow":"follow","max-snippet":"max-snippet:-1","max-image-preview":"max-image-preview:large","max-video-preview":"max-video-preview:-1"},"canonical":"https:\/\/bosbarcelona.com\/es\/politica-cookies\/","og_locale":"es_ES","og_type":"article","og_title":"Pol\u00edtica de cookies - BOS Barcelona","og_description":"Este sitio web, al igual que la mayor\u00eda de los sitios web en Internet, usa cookies para mejorar la experiencia del usuario. A continuaci\u00f3n encontrar\u00e1 informaci\u00f3n sobre qu\u00e9 son las cookies, qu\u00e9 tipo de cookies utiliza este portal, c\u00f3mo puede desactivar las cookies en su...","og_url":"https:\/\/bosbarcelona.com\/es\/politica-cookies\/","og_site_name":"BOS Barcelona","article_modified_time":"2019-02-04T12:32:53+00:00","twitter_card":"summary_large_image","twitter_misc":{"Tiempo de lectura":"5 minutos"},"schema":{"@context":"https:\/\/schema.org","@graph":[{"@type":"WebPage","@id":"https:\/\/bosbarcelona.com\/es\/politica-cookies\/","url":"https:\/\/bosbarcelona.com\/es\/politica-cookies\/","name":"Pol\u00edtica de cookies - BOS Barcelona","isPartOf":{"@id":"https:\/\/bosbarcelona.com\/es\/#website"},"datePublished":"2019-02-04T12:05:06+00:00","dateModified":"2019-02-04T12:32:53+00:00","breadcrumb":{"@id":"https:\/\/bosbarcelona.com\/es\/politica-cookies\/#breadcrumb"},"inLanguage":"es","potentialAction":[{"@type":"ReadAction","target":["https:\/\/bosbarcelona.com\/es\/politica-cookies\/"]}]},{"@type":"BreadcrumbList","@id":"https:\/\/bosbarcelona.com\/es\/politica-cookies\/#breadcrumb","itemListElement":[{"@type":"ListItem","position":1,"name":"Home","item":"https:\/\/bosbarcelona.com\/es\/"},{"@type":"ListItem","position":2,"name":"Pol\u00edtica de cookies"}]},{"@type":"WebSite","@id":"https:\/\/bosbarcelona.com\/es\/#website","url":"https:\/\/bosbarcelona.com\/es\/","name":"BOS Barcelona","description":"","potentialAction":[{"@type":"SearchAction","target":{"@type":"EntryPoint","urlTemplate":"https:\/\/bosbarcelona.com\/es\/?s={search_term_string}"},"query-input":{"@type":"PropertyValueSpecification","valueRequired":true,"valueName":"search_term_string"}}],"inLanguage":"es"}]}},"_links":{"self":[{"href":"https:\/\/bosbarcelona.com\/es\/wp-json\/wp\/v2\/pages\/5527","targetHints":{"allow":["GET"]}}],"collection":[{"href":"https:\/\/bosbarcelona.com\/es\/wp-json\/wp\/v2\/pages"}],"about":[{"href":"https:\/\/bosbarcelona.com\/es\/wp-json\/wp\/v2\/types\/page"}],"author":[{"embeddable":true,"href":"https:\/\/bosbarcelona.com\/es\/wp-json\/wp\/v2\/users\/1"}],"replies":[{"embeddable":true,"href":"https:\/\/bosbarcelona.com\/es\/wp-json\/wp\/v2\/comments?post=5527"}],"version-history":[{"count":0,"href":"https:\/\/bosbarcelona.com\/es\/wp-json\/wp\/v2\/pages\/5527\/revisions"}],"wp:attachment":[{"href":"https:\/\/bosbarcelona.com\/es\/wp-json\/wp\/v2\/media?parent=5527"}],"curies":[{"name":"wp","href":"https:\/\/api.w.org\/{rel}","templated":true}]}}